{"id":610,"date":"2024-02-05T17:01:11","date_gmt":"2024-02-05T16:01:11","guid":{"rendered":"https:\/\/www.fdpartners-advisory.com\/nos-experts\/"},"modified":"2024-05-04T08:24:21","modified_gmt":"2024-05-04T06:24:21","slug":"nos-experts","status":"publish","type":"page","link":"https:\/\/fdpartners-advisory.com\/en\/nos-experts\/","title":{"rendered":"Our experts"},"content":{"rendered":"<p>[et_pb_section fb_built=&#8221;1&#8243; fullwidth=&#8221;on&#8221; _builder_version=&#8221;4.23.4&#8243; _module_preset=&#8221;default&#8221; global_colors_info=&#8221;{}&#8221;][et_pb_fullwidth_header title=&#8221;Our experts&#8221; _builder_version=&#8221;4.23.4&#8243; _module_preset=&#8221;default&#8221; title_font=&#8221;|700|||||||&#8221; title_text_align=&#8221;center&#8221; title_font_size=&#8221;45px&#8221; background_color=&#8221;rgba(0,0,0,0.54)&#8221; background_image=&#8221;https:\/\/www.fdpartners-advisory.com\/wp-content\/uploads\/2024\/01\/fd-partners-about-page.jpg&#8221; background_blend=&#8221;overlay&#8221; custom_padding=&#8221;250px||||false|false&#8221; global_colors_info=&#8221;{}&#8221;][\/et_pb_fullwidth_header][\/et_pb_section][et_pb_section fb_built=&#8221;1&#8243; _builder_version=&#8221;4.23.4&#8243; _module_preset=&#8221;default&#8221; global_colors_info=&#8221;{}&#8221;][et_pb_row column_structure=&#8221;1_2,1_2&#8243; make_equal=&#8221;on&#8221; _builder_version=&#8221;4.23.4&#8243; _module_preset=&#8221;default&#8221; custom_css_main_element=&#8221;align-items: center;&#8221; global_colors_info=&#8221;{}&#8221;][et_pb_column type=&#8221;1_2&#8243; _builder_version=&#8221;4.23.4&#8243; _module_preset=&#8221;default&#8221; global_colors_info=&#8221;{}&#8221;][et_pb_image src=&#8221;https:\/\/www.fdpartners-advisory.com\/wp-content\/uploads\/2024\/02\/fabienne-diouf.jpg&#8221; title_text=&#8221;fabienne-diouf&#8221; _builder_version=&#8221;4.23.4&#8243; _module_preset=&#8221;default&#8221; global_colors_info=&#8221;{}&#8221;][\/et_pb_image][\/et_pb_column][et_pb_column type=&#8221;1_2&#8243; _builder_version=&#8221;4.23.4&#8243; _module_preset=&#8221;default&#8221; global_colors_info=&#8221;{}&#8221;][et_pb_text _builder_version=&#8221;4.24.1&#8243; _module_preset=&#8221;default&#8221; header_2_font=&#8221;|700|||||||&#8221; header_2_font_size=&#8221;40px&#8221; header_2_letter_spacing=&#8221;-0.03em&#8221; header_2_line_height=&#8221;1.2em&#8221; header_3_text_color=&#8221;#cfb084&#8243; custom_css_free_form=&#8221;selector h2{margin-bottom: 5px;}||selector h3{margin-bottom: 20px;}&#8221; locked=&#8221;off&#8221; global_colors_info=&#8221;{}&#8221;]<\/p>\n<h2>Fabienne DIOUF<\/h2>\n<h3>Founder &amp; Managing Director FD &amp; Partners<\/h3>\n<p>For over ten years, Fabienne has been at the forefront of advising and implementing public-private partnerships (PPP) and infrastructure projects in West Africa. Driven by a deep commitment to fostering African economic development, she leverages her project management, strategy, business development, and advocacy skills to promote high-impact technology deployment across various sectors including construction, energy, transport, agriculture, digital transition, and telecommunications.<\/p>\n<p>A versatile leader, Fabienne possesses a deep understanding of African market dynamics, especially in West Africa. She excels in forming and leading multidisciplinary teams in constantly evolving environments. Her guiding principle is to unite diverse expertise and intelligence to create business corridors between African countries, ensuring that solutions are contextualized to local dynamics.<\/p>\n<p>Fabienne believes that robust foundations such as access to health, electricity, education, and quality infrastructure are crucial for translating macroeconomic growth into tangible daily life improvements for communities. She holds a Bachelor\u2019s degree in Science and Development Economics from Franklin University in New York and an Executive Master&#8217;s in Innovation and Entrepreneurship from HEC Paris.<\/p>\n<p>[\/et_pb_text][\/et_pb_column][\/et_pb_row][\/et_pb_section][et_pb_section fb_built=&#8221;1&#8243; _builder_version=&#8221;4.23.4&#8243; _module_preset=&#8221;default&#8221; background_color=&#8221;#f1eee9&#8243; custom_css_after=&#8221;content: %22%22; \/* Obligatoire pour que le pseudo-\u00e9l\u00e9ment soit g\u00e9n\u00e9r\u00e9 *\/||  position: absolute; \/* Positionne l&#8217;\u00e9l\u00e9ment ajout\u00e9 par rapport \u00e0 l&#8217;\u00e9l\u00e9ment parent *\/|| bottom: 0px; \/* Ajustez ces valeurs pour positionner l&#8217;image comme vous le souhaitez *\/|| right: 0%;||  width: 30%;||  height: 100%;||  background-image: url(&#8216;\/wp-content\/uploads\/2024\/01\/fd-partners-icon.svg&#8217;);||  background-size: cover; \/* Ajustez la propri\u00e9t\u00e9 background-size en fonction de vos besoins *\/||&#8221; global_colors_info=&#8221;{}&#8221; custom_css_after_last_edited=&#8221;on|phone&#8221; custom_css_after_phone=&#8221;content:none;&#8221; custom_css_after_tablet=&#8221;content: %22%22; \/* Obligatoire pour que le pseudo-\u00e9l\u00e9ment soit g\u00e9n\u00e9r\u00e9 *\/||  position: absolute; \/* Positionne l&#8217;\u00e9l\u00e9ment ajout\u00e9 par rapport \u00e0 l&#8217;\u00e9l\u00e9ment parent *\/|| bottom: -180px; \/* Ajustez ces valeurs pour positionner l&#8217;image comme vous le souhaitez *\/||  left: 20%;||  width: 30%;||  height: 100%;||  background-image: url(&#8216;\/wp-content\/uploads\/2024\/01\/fd-partners-icon.svg&#8217;);||  background-size: cover; \/* Ajustez la propri\u00e9t\u00e9 background-size en fonction de vos besoins *\/||&#8221;][et_pb_row _builder_version=&#8221;4.23.4&#8243; _module_preset=&#8221;default&#8221; global_colors_info=&#8221;{}&#8221;][et_pb_column type=&#8221;4_4&#8243; _builder_version=&#8221;4.23.4&#8243; _module_preset=&#8221;default&#8221; global_colors_info=&#8221;{}&#8221;][et_pb_text _builder_version=&#8221;4.24.0&#8243; _module_preset=&#8221;default&#8221; header_2_font=&#8221;|700|||||||&#8221; header_2_font_size=&#8221;40px&#8221; header_2_letter_spacing=&#8221;-0.03em&#8221; header_2_line_height=&#8221;1.2em&#8221; global_colors_info=&#8221;{}&#8221;]<\/p>\n<h2>Alone we go faster, together we go further.<\/h2>\n<p>[\/et_pb_text][\/et_pb_column][\/et_pb_row][\/et_pb_section][et_pb_section fb_built=&#8221;1&#8243; _builder_version=&#8221;4.23.4&#8243; _module_preset=&#8221;default&#8221; global_colors_info=&#8221;{}&#8221;][et_pb_row column_structure=&#8221;1_2,1_2&#8243; disabled_on=&#8221;off|off|off&#8221; _builder_version=&#8221;4.23.4&#8243; _module_preset=&#8221;default&#8221; custom_css_main_element=&#8221;align-items: center;&#8221; global_colors_info=&#8221;{}&#8221;][et_pb_column type=&#8221;1_2&#8243; _builder_version=&#8221;4.23.4&#8243; _module_preset=&#8221;default&#8221; global_colors_info=&#8221;{}&#8221;][et_pb_team_member name=&#8221;Mame Mar\u00e8me FALL&#8221; position=&#8221;Education &#038; IT&#8221; image_url=&#8221;https:\/\/www.fdpartners-advisory.com\/wp-content\/uploads\/2024\/02\/mame-mareme-fall.jpg&#8221; _builder_version=&#8221;4.24.1&#8243; _module_preset=&#8221;default&#8221; header_font=&#8221;|700|||||||&#8221; header_font_size=&#8221;22px&#8221; position_text_color=&#8221;#cfb084&#8243; custom_css_member_position=&#8221;margin-bottom: 20px&#8221; global_colors_info=&#8221;{}&#8221;]<\/p>\n<div class=\"pa-toggle-text\">\n<div class=\"et_pb_text_inner\">\n<p>Director of Kajou, an ICT entrepreneur with a passion for technology and its impact on access to education and healthcare. A graduate of Franklin University (US), Mar\u00e8me has piloted and implemented a number of ground-breaking technology projects and supported the development of numerous companies in the region.<\/p>\n<\/div>\n<\/div>\n<p>[\/et_pb_team_member][\/et_pb_column][et_pb_column type=&#8221;1_2&#8243; _builder_version=&#8221;4.23.4&#8243; _module_preset=&#8221;default&#8221; global_colors_info=&#8221;{}&#8221;][et_pb_team_member name=&#8221;Mamadou  NDOYE DIAGNE&#8221; position=&#8221;Energy &#038; Public Administration&#8221; image_url=&#8221;https:\/\/www.fdpartners-advisory.com\/wp-content\/uploads\/2024\/02\/mamadou-ndoye-diagne.jpg&#8221; _builder_version=&#8221;4.24.1&#8243; _module_preset=&#8221;default&#8221; header_font=&#8221;|700|||||||&#8221; header_font_size=&#8221;22px&#8221; position_text_color=&#8221;#cfb084&#8243; custom_css_member_position=&#8221;margin-bottom: 20px&#8221; global_colors_info=&#8221;{}&#8221;]<\/p>\n<div class=\"pa-toggle-text\">\n<div class=\"et_pb_text_inner\">\nEconomic Commissioner, then Chairman of the Electricity Sector Regulatory Commission.<br \/>\nDirector of Cabinet for the Ministries of Public and Parapublic Sector Reform, Industry, Trade and Crafts, Urban Planning and Energy.\n<\/div>\n<\/div>\n<p>[\/et_pb_team_member][\/et_pb_column][\/et_pb_row][et_pb_row column_structure=&#8221;1_2,1_2&#8243; disabled_on=&#8221;off|off|off&#8221; _builder_version=&#8221;4.23.4&#8243; _module_preset=&#8221;default&#8221; custom_css_main_element=&#8221;align-items: center;&#8221; global_colors_info=&#8221;{}&#8221;][et_pb_column type=&#8221;1_2&#8243; _builder_version=&#8221;4.23.4&#8243; _module_preset=&#8221;default&#8221; global_colors_info=&#8221;{}&#8221;][et_pb_team_member name=&#8221;Seyni MALAN FATI&#8221; position=&#8221;Telecommunications&#8221; image_url=&#8221;https:\/\/www.fdpartners-advisory.com\/wp-content\/uploads\/2024\/02\/seyni-malan-fati.jpg&#8221; _builder_version=&#8221;4.24.1&#8243; _module_preset=&#8221;default&#8221; header_font=&#8221;|700|||||||&#8221; header_font_size=&#8221;22px&#8221; position_text_color=&#8221;#cfb084&#8243; custom_css_member_position=&#8221;margin-bottom: 20px&#8221; global_colors_info=&#8221;{}&#8221;]<\/p>\n<div class=\"pa-toggle-text\">\n<div class=\"et_pb_text_inner\">\nSeyni Malan FATI currently holds the position of Senior Policy Manager West Africa within the Sub-Saharan Africa team at the GSMA. He took up the position in September 2019, bringing with him over 14 years of experience in ICT regulation. Seyni is based in Dakar and is responsible for the GSMA&#8217;s advocacy programs and supports members in policy and regulatory issues in West Africa.  He has been an active member of ITU-RGS3-AFR since 2005, and is currently Vice-Chairman of ITU-T Study Group 12 on Quality of Service. He is also Chairman of the African regional group of Study Group 12. Before joining GSMA, Seyni was Project Manager at the Smart Africa Secretariat in Kigali, Rwanda.<\/p>\n<p>Before joining Smart Africa, Seyni was Director of Economy and Telecom Markets at the Telecommunications and Postal Regulatory Authority (ARTP) of Senegal, from 2015 to the end of 2018. He started at ARTP in February 2004<\/p>\n<p>Mr. FATI, after a year of higher mathematics studies in Paris, went on to the \u00c9cole Polytechnique de Montr\u00e9al to become a Telecom Engineer in 2001.\n<\/p><\/div>\n<\/div>\n<p>[\/et_pb_team_member][\/et_pb_column][et_pb_column type=&#8221;1_2&#8243; _builder_version=&#8221;4.23.4&#8243; _module_preset=&#8221;default&#8221; global_colors_info=&#8221;{}&#8221;][et_pb_team_member name=&#8221;Pierre LHERMITTE&#8221; position=&#8221;Oil &#038; Gas \/ Local Content&#8221; image_url=&#8221;https:\/\/fdpartners-advisory.com\/wp-content\/uploads\/2024\/02\/pierre-lhermitte.jpg&#8221; _builder_version=&#8221;4.24.1&#8243; _module_preset=&#8221;default&#8221; header_font=&#8221;|700|||||||&#8221; header_font_size=&#8221;22px&#8221; position_text_color=&#8221;#cfb084&#8243; custom_css_member_position=&#8221;margin-bottom: 20px&#8221; global_colors_info=&#8221;{}&#8221;]<\/p>\n<div class=\"pa-toggle-text\">\n<div class=\"et_pb_text_inner\">\n<p>With over 25 years&#8217; experience, Pierre Lhermitte has a triple background: technical, business and political.<\/p>\n<p>Pierre joined the TOTAL Group as Marine and Logistics Manager. His years spent as logistics manager in Angola and Yemen have given him an in-depth understanding of the workings of complex structures operating in a particular environment, characterized by a constant race against the clock and major industrial and financial risks.<\/p>\n<p>Having witnessed numerous examples of operational waste in the upstream oil sector, Pierre has been interested in the mechanism of cost escalation for almost 15 years, and now offers an exclusive analysis of the root causes of the phenomenon.<\/p>\n<p>Observing that operational cost overruns are particularly detrimental to African producing countries, Pierre has developed a specific approach to maximizing the added value of oil and gas projects, in which local content is no longer an end in itself, but a lever among others. He now proposes to complement this continental approach with country-specific strategies, promoted through advice to the public and private sectors.<\/p>\n<\/div>\n<\/div>\n<p>[\/et_pb_team_member][\/et_pb_column][\/et_pb_row][et_pb_row column_structure=&#8221;1_2,1_2&#8243; disabled_on=&#8221;off|off|off&#8221; _builder_version=&#8221;4.23.4&#8243; _module_preset=&#8221;default&#8221; custom_css_main_element=&#8221;align-items: center;&#8221; global_colors_info=&#8221;{}&#8221;][et_pb_column type=&#8221;1_2&#8243; _builder_version=&#8221;4.23.4&#8243; _module_preset=&#8221;default&#8221; global_colors_info=&#8221;{}&#8221;][et_pb_team_member name=&#8221;Dharmendra POTHURI&#8221; position=&#8221;Agro-industry&#8221; image_url=&#8221;https:\/\/www.fdpartners-advisory.com\/wp-content\/uploads\/2024\/02\/Pothuri-Dharmendra.jpg&#8221; _builder_version=&#8221;4.24.1&#8243; _module_preset=&#8221;default&#8221; header_font=&#8221;|700|||||||&#8221; header_font_size=&#8221;22px&#8221; position_text_color=&#8221;#cfb084&#8243; custom_css_member_position=&#8221;margin-bottom: 20px&#8221; global_colors_info=&#8221;{}&#8221;]<\/p>\n<div class=\"pa-toggle-text\">\n<div class=\"et_pb_text_inner\">\nPassionate, visionary agribusiness leader and innovator, championing global non-profit initiatives, with a 22-year record of dedication and support towards products, landscape, and competitors within the Agribusiness Management.<br \/>\nA decisive leader with a steady finger on the pulse of market trends and ever-evolving agriculture landscapes.\n<\/div>\n<\/div>\n<p>[\/et_pb_team_member][\/et_pb_column][et_pb_column type=&#8221;1_2&#8243; _builder_version=&#8221;4.23.4&#8243; _module_preset=&#8221;default&#8221; global_colors_info=&#8221;{}&#8221;][et_pb_team_member name=&#8221;Allan BOUTBIEN&#8221; position=&#8221;Innovation and societal intelligence&#8221; image_url=&#8221;https:\/\/www.fdpartners-advisory.com\/wp-content\/uploads\/2024\/02\/Allan-Boutbien.jpg&#8221; _builder_version=&#8221;4.24.1&#8243; _module_preset=&#8221;default&#8221; header_font=&#8221;|700|||||||&#8221; header_font_size=&#8221;22px&#8221; position_text_color=&#8221;#cfb084&#8243; custom_css_member_position=&#8221;margin-bottom: 20px&#8221; global_colors_info=&#8221;{}&#8221;]<\/p>\n<div class=\"pa-toggle-text\">\n<div class=\"et_pb_text_inner\">\nAllan Boutbien has an exceptional 25-year career in insurance and social protection. <\/p>\n<p>His professional career has taken him to some twenty African countries, where he has made a significant contribution to the development and implementation of risk management, health protection and financing mechanisms. Allan Boutbien has distinguished himself with notable achievements in C\u00f4te d&#8217;Ivoire, Mali and Senegal, where he has been based for the past 20 years.<\/p>\n<p>His areas of expertise include enterprise risk management, human capital management implementation and development strategies, regulatory intelligence, information monitoring and market research.\n<\/p><\/div>\n<\/div>\n<p>[\/et_pb_team_member][\/et_pb_column][\/et_pb_row][\/et_pb_section][et_pb_section fb_built=&#8221;1&#8243; custom_padding_last_edited=&#8221;on|desktop&#8221; _builder_version=&#8221;4.23.4&#8243; _module_preset=&#8221;default&#8221; custom_padding=&#8221;0px||0px||true|false&#8221; custom_padding_tablet=&#8221;0px||0px||true|false&#8221; custom_padding_phone=&#8221;50px||0px||false|false&#8221; saved_tabs=&#8221;all&#8221; global_colors_info=&#8221;{}&#8221;][et_pb_row column_structure=&#8221;1_2,1_2&#8243; use_custom_gutter=&#8221;on&#8221; gutter_width=&#8221;1&#8243; make_equal=&#8221;on&#8221; _builder_version=&#8221;4.23.4&#8243; _module_preset=&#8221;default&#8221; width=&#8221;100%&#8221; max_width=&#8221;100%&#8221; custom_padding=&#8221;0px||0px||true|false&#8221; global_colors_info=&#8221;{}&#8221;][et_pb_column type=&#8221;1_2&#8243; _builder_version=&#8221;4.23.4&#8243; _module_preset=&#8221;default&#8221; background_color=&#8221;#f1eee9&#8243; global_colors_info=&#8221;{}&#8221;][et_pb_image src=&#8221;https:\/\/www.fdpartners-advisory.com\/wp-content\/uploads\/2024\/01\/fd-partners-contact-cta.jpg&#8221; title_text=&#8221;fd-partners-contact-cta&#8221; _builder_version=&#8221;4.23.4&#8243; _module_preset=&#8221;default&#8221; global_colors_info=&#8221;{}&#8221;][\/et_pb_image][\/et_pb_column][et_pb_column type=&#8221;1_2&#8243; _builder_version=&#8221;4.23.4&#8243; _module_preset=&#8221;default&#8221; background_color=&#8221;#f1eee9&#8243; custom_padding=&#8221;||||true|true&#8221; global_colors_info=&#8221;{}&#8221;][et_pb_cta button_url=&#8221;\/en\/contact&#8221; button_text=&#8221;Contact us&#8221; module_class=&#8221;module-centre&#8221; _builder_version=&#8221;4.24.0&#8243; _module_preset=&#8221;default&#8221; header_font=&#8221;|700|||||||&#8221; header_font_size=&#8221;32px&#8221; header_letter_spacing=&#8221;-0.03em&#8221; header_line_height=&#8221;1.2em&#8221; background_color=&#8221;#f1eee9&#8243; custom_button=&#8221;on&#8221; button_text_size=&#8221;15px&#8221; button_text_color=&#8221;#FFFFFF&#8221; button_bg_color=&#8221;#cfb084&#8243; button_border_color=&#8221;#cfb084&#8243; button_use_icon=&#8221;off&#8221; button_custom_margin=&#8221;||||false|false&#8221; button_custom_padding=&#8221;15px|30px|15px|30px|true|true&#8221; text_orientation=&#8221;left&#8221; background_layout=&#8221;light&#8221; global_colors_info=&#8221;{}&#8221; button_bg_color__hover_enabled=&#8221;on|desktop&#8221; button_bg_color__hover=&#8221;#a5826a&#8221; button_bg_enable_color__hover=&#8221;on&#8221; button_text_color__hover_enabled=&#8221;on|hover&#8221; button_text_color__hover=&#8221;#FFFFFF&#8221; button_border_color__hover_enabled=&#8221;on|hover&#8221; button_border_color__hover=&#8221;#a5826a&#8221;]<\/p>\n<h2>Looking for strategic advisory support?<br \/>\nWe&#39;re here to guide you.<\/h2>\n<p>[\/et_pb_cta][\/et_pb_column][\/et_pb_row][\/et_pb_section]<\/p>\n","protected":false},"excerpt":{"rendered":"<p>Fabienne DIOUF Founder &amp; Managing Director FD &amp; Partners For over ten years, Fabienne has been at the forefront of advising and implementing public-private partnerships (PPP) and infrastructure projects in West Africa. Driven by a deep commitment to fostering African economic development, she leverages her project management, strategy, business development, and advocacy skills to promote [&hellip;]<\/p>\n","protected":false},"author":1,"featured_media":0,"parent":0,"menu_order":0,"comment_status":"closed","ping_status":"closed","template":"","meta":{"_et_pb_use_builder":"on","_et_pb_old_content":"","_et_gb_content_width":"","inline_featured_image":false,"footnotes":""},"class_list":["post-610","page","type-page","status-publish","hentry"],"_links":{"self":[{"href":"https:\/\/fdpartners-advisory.com\/en\/wp-json\/wp\/v2\/pages\/610","targetHints":{"allow":["GET"]}}],"collection":[{"href":"https:\/\/fdpartners-advisory.com\/en\/wp-json\/wp\/v2\/pages"}],"about":[{"href":"https:\/\/fdpartners-advisory.com\/en\/wp-json\/wp\/v2\/types\/page"}],"author":[{"embeddable":true,"href":"https:\/\/fdpartners-advisory.com\/en\/wp-json\/wp\/v2\/users\/1"}],"replies":[{"embeddable":true,"href":"https:\/\/fdpartners-advisory.com\/en\/wp-json\/wp\/v2\/comments?post=610"}],"version-history":[{"count":13,"href":"https:\/\/fdpartners-advisory.com\/en\/wp-json\/wp\/v2\/pages\/610\/revisions"}],"predecessor-version":[{"id":947,"href":"https:\/\/fdpartners-advisory.com\/en\/wp-json\/wp\/v2\/pages\/610\/revisions\/947"}],"wp:attachment":[{"href":"https:\/\/fdpartners-advisory.com\/en\/wp-json\/wp\/v2\/media?parent=610"}],"curies":[{"name":"wp","href":"https:\/\/api.w.org\/{rel}","templated":true}]}}