{"id":604,"date":"2024-01-19T13:17:15","date_gmt":"2024-01-19T12:17:15","guid":{"rendered":"https:\/\/www.fdpartners-advisory.com\/nos-secteurs-dactivite\/"},"modified":"2024-05-02T17:27:43","modified_gmt":"2024-05-02T15:27:43","slug":"nos-secteurs-dactivite","status":"publish","type":"page","link":"https:\/\/fdpartners-advisory.com\/en\/nos-secteurs-dactivite\/","title":{"rendered":"Our areas of expertise"},"content":{"rendered":"<p>[et_pb_section fb_built=&#8221;1&#8243; fullwidth=&#8221;on&#8221; _builder_version=&#8221;4.23.4&#8243; _module_preset=&#8221;default&#8221; global_colors_info=&#8221;{}&#8221;][et_pb_fullwidth_header title=&#8221;Our areas of expertise&#8221; _builder_version=&#8221;4.23.4&#8243; _module_preset=&#8221;default&#8221; title_font=&#8221;|700|||||||&#8221; title_text_align=&#8221;center&#8221; title_font_size=&#8221;45px&#8221; background_color=&#8221;rgba(0,0,0,0.6)&#8221; background_image=&#8221;https:\/\/www.fdpartners-advisory.com\/wp-content\/uploads\/2024\/01\/fd-partners-secteurs-page.jpg&#8221; background_blend=&#8221;overlay&#8221; custom_padding=&#8221;250px||||false|false&#8221; global_colors_info=&#8221;{}&#8221;][\/et_pb_fullwidth_header][\/et_pb_section][et_pb_section fb_built=&#8221;1&#8243; _builder_version=&#8221;4.23.4&#8243; _module_preset=&#8221;default&#8221; background_enable_color=&#8221;off&#8221; global_colors_info=&#8221;{}&#8221; custom_css_after_last_edited=&#8221;on|phone&#8221; custom_css_after_phone=&#8221;content:none;&#8221; custom_css_after_tablet=&#8221;content: %22%22; \/* Obligatoire pour que le pseudo-\u00e9l\u00e9ment soit g\u00e9n\u00e9r\u00e9 *\/||  position: absolute; \/* Positionne l&#8217;\u00e9l\u00e9ment ajout\u00e9 par rapport \u00e0 l&#8217;\u00e9l\u00e9ment parent *\/|| bottom: -180px; \/* Ajustez ces valeurs pour positionner l&#8217;image comme vous le souhaitez *\/||  left: 20%;||  width: 30%;||  height: 100%;||  background-image: url(&#8216;\/wp-content\/uploads\/2024\/01\/fd-partners-icon.svg&#8217;);||  background-size: cover; \/* Ajustez la propri\u00e9t\u00e9 background-size en fonction de vos besoins *\/||&#8221;][et_pb_row _builder_version=&#8221;4.23.4&#8243; _module_preset=&#8221;default&#8221; global_colors_info=&#8221;{}&#8221;][et_pb_column type=&#8221;4_4&#8243; _builder_version=&#8221;4.23.4&#8243; _module_preset=&#8221;default&#8221; global_colors_info=&#8221;{}&#8221;][et_pb_text _builder_version=&#8221;4.24.1&#8243; _module_preset=&#8221;default&#8221; header_2_font=&#8221;|700|||||||&#8221; header_2_font_size=&#8221;40px&#8221; header_2_letter_spacing=&#8221;-0.03em&#8221; header_2_line_height=&#8221;1.2em&#8221; hover_enabled=&#8221;0&#8243; global_colors_info=&#8221;{}&#8221; sticky_enabled=&#8221;0&#8243;]<\/p>\n<h2>Our Sectors of Activity<\/h2>\n<p><span style=\"font-weight: 400;\">Explore FD &#038; Partners&#8217; diverse expertise across various sectors:<\/span><\/p>\n<p>[\/et_pb_text][\/et_pb_column][\/et_pb_row][et_pb_row column_structure=&#8221;1_3,1_3,1_3&#8243; _builder_version=&#8221;4.23.4&#8243; _module_preset=&#8221;default&#8221; global_colors_info=&#8221;{}&#8221;][et_pb_column type=&#8221;1_3&#8243; _builder_version=&#8221;4.23.4&#8243; _module_preset=&#8221;default&#8221; global_colors_info=&#8221;{}&#8221;][et_pb_blurb title=&#8221;Energy and renewable resources&#8221; image=&#8221;https:\/\/www.fdpartners-advisory.com\/wp-content\/uploads\/2024\/02\/solar-panel.jpg&#8221; image_icon_width=&#8221;100%&#8221; icon_alignment=&#8221;left&#8221; _builder_version=&#8221;4.24.1&#8243; _module_preset=&#8221;default&#8221; header_font=&#8221;|600|||||||&#8221; header_font_size=&#8221;25px&#8221; header_letter_spacing=&#8221;-0.03em&#8221; header_line_height=&#8221;1.2em&#8221; custom_padding=&#8221;15px|18px|15px|18px|true|true&#8221; hover_enabled=&#8221;0&#8243; global_colors_info=&#8221;{}&#8221; background_enable_color__hover=&#8221;off&#8221; background__hover_enabled=&#8221;off|hover&#8221; border_radii__hover_enabled=&#8221;on|hover&#8221; border_radii__hover=&#8221;on|15px|15px|15px|15px&#8221; sticky_enabled=&#8221;0&#8243;]<\/p>\n<p><span style=\"font-weight: 300;\">We support sustainable energy solutions and natural resource management.<\/span><\/p>\n<p>[\/et_pb_blurb][\/et_pb_column][et_pb_column type=&#8221;1_3&#8243; _builder_version=&#8221;4.23.4&#8243; _module_preset=&#8221;default&#8221; global_colors_info=&#8221;{}&#8221;][et_pb_blurb title=&#8221;Telecommunications and digital&#8221; image=&#8221;https:\/\/www.fdpartners-advisory.com\/wp-content\/uploads\/2024\/02\/telecommunications-digital.jpg&#8221; _builder_version=&#8221;4.24.1&#8243; _module_preset=&#8221;default&#8221; header_font=&#8221;|600|||||||&#8221; header_font_size=&#8221;25px&#8221; header_letter_spacing=&#8221;-0.03em&#8221; header_line_height=&#8221;1.2em&#8221; custom_padding=&#8221;15px|15px|15px|15px|true|true&#8221; hover_enabled=&#8221;0&#8243; global_colors_info=&#8221;{}&#8221; border_radii__hover=&#8221;on|15px|15px|15px|15px&#8221; border_radii__hover_enabled=&#8221;on|hover&#8221; sticky_enabled=&#8221;0&#8243;]<\/p>\n<p><span style=\"font-weight: 300;\">We leverage our deep understanding of the local ecosystem to develop effective strategies that drive innovative business models.<\/span><\/p>\n<p>[\/et_pb_blurb][\/et_pb_column][et_pb_column type=&#8221;1_3&#8243; _builder_version=&#8221;4.23.4&#8243; _module_preset=&#8221;default&#8221; global_colors_info=&#8221;{}&#8221;][et_pb_blurb title=&#8221;Agriculture&#8221; image=&#8221;https:\/\/www.fdpartners-advisory.com\/wp-content\/uploads\/2024\/02\/agriculture.jpg&#8221; _builder_version=&#8221;4.24.1&#8243; _module_preset=&#8221;default&#8221; header_font=&#8221;|600|||||||&#8221; header_font_size=&#8221;25px&#8221; header_letter_spacing=&#8221;-0.03em&#8221; header_line_height=&#8221;1.2em&#8221; custom_padding=&#8221;15px|15px|15px|15px|true|true&#8221; hover_enabled=&#8221;0&#8243; global_colors_info=&#8221;{}&#8221; border_radii__hover=&#8221;on|15px|15px|15px|15px&#8221; border_radii__hover_enabled=&#8221;on|hover&#8221; sticky_enabled=&#8221;0&#8243;]<\/p>\n<p><span style=\"font-weight: 300;\"><span style=\"color: #657786; font-family: 'Nunito Sans',Helvetica,Arial,Lucida,sans-serif; font-size: 18px;\">We amplify robust, innovative strategies that transform agricultural challenges into opportunities.<\/span><\/span><\/p>\n<p>[\/et_pb_blurb][\/et_pb_column][\/et_pb_row][et_pb_row column_structure=&#8221;1_3,1_3,1_3&#8243; _builder_version=&#8221;4.23.4&#8243; _module_preset=&#8221;default&#8221; global_colors_info=&#8221;{}&#8221;][et_pb_column type=&#8221;1_3&#8243; _builder_version=&#8221;4.23.4&#8243; _module_preset=&#8221;default&#8221; global_colors_info=&#8221;{}&#8221;][et_pb_blurb title=&#8221;Healthcare and Pharmaceuticals&#8221; image=&#8221;https:\/\/www.fdpartners-advisory.com\/wp-content\/uploads\/2024\/02\/sante.jpg&#8221; image_icon_width=&#8221;100%&#8221; icon_alignment=&#8221;left&#8221; _builder_version=&#8221;4.24.1&#8243; _module_preset=&#8221;default&#8221; header_font=&#8221;|600|||||||&#8221; header_font_size=&#8221;25px&#8221; header_letter_spacing=&#8221;-0.03em&#8221; header_line_height=&#8221;1.2em&#8221; custom_padding=&#8221;15px|15px|15px|15px|true|true&#8221; hover_enabled=&#8221;0&#8243; global_colors_info=&#8221;{}&#8221; border_radii__hover=&#8221;on|15px|15px|15px|15px&#8221; border_radii__hover_enabled=&#8221;on|hover&#8221; sticky_enabled=&#8221;0&#8243;]<\/p>\n<p><span style=\"font-weight: 300;\">We drive innovative projects to enhance healthcare accessibility.<\/span><\/p>\n<p>[\/et_pb_blurb][\/et_pb_column][et_pb_column type=&#8221;1_3&#8243; _builder_version=&#8221;4.23.4&#8243; _module_preset=&#8221;default&#8221; global_colors_info=&#8221;{}&#8221;][et_pb_blurb title=&#8221;Education and Learning Technologies&#8221; image=&#8221;https:\/\/www.fdpartners-advisory.com\/wp-content\/uploads\/2024\/02\/education.jpg&#8221; image_icon_width=&#8221;100%&#8221; icon_alignment=&#8221;left&#8221; _builder_version=&#8221;4.24.1&#8243; _module_preset=&#8221;default&#8221; header_font=&#8221;|600|||||||&#8221; header_font_size=&#8221;25px&#8221; header_letter_spacing=&#8221;-0.03em&#8221; header_line_height=&#8221;1.2em&#8221; custom_padding=&#8221;15px|15px|15px|15px|true|true&#8221; hover_enabled=&#8221;0&#8243; global_colors_info=&#8221;{}&#8221; border_radii__hover=&#8221;on|15px|15px|15px|15px&#8221; border_radii__hover_enabled=&#8221;on|hover&#8221; sticky_enabled=&#8221;0&#8243;]<\/p>\n<p><span style=\"font-weight: 300;\">Designing educational programs and integrating new technologies to create innovative learning environments.<\/span><\/p>\n<p>[\/et_pb_blurb][\/et_pb_column][et_pb_column type=&#8221;1_3&#8243; _builder_version=&#8221;4.23.4&#8243; _module_preset=&#8221;default&#8221; global_colors_info=&#8221;{}&#8221;][et_pb_blurb title=&#8221;Transport and mobility&#8221; image=&#8221;https:\/\/www.fdpartners-advisory.com\/wp-content\/uploads\/2024\/02\/transport-mobilite.jpg&#8221; image_icon_width=&#8221;100%&#8221; icon_alignment=&#8221;left&#8221; _builder_version=&#8221;4.24.1&#8243; _module_preset=&#8221;default&#8221; header_font=&#8221;|600|||||||&#8221; header_font_size=&#8221;25px&#8221; header_letter_spacing=&#8221;-0.03em&#8221; header_line_height=&#8221;1.2em&#8221; custom_padding=&#8221;15px|15px|15px|15px|true|true&#8221; hover_enabled=&#8221;0&#8243; global_colors_info=&#8221;{}&#8221; border_radii__hover=&#8221;on|15px|15px|15px|15px&#8221; border_radii__hover_enabled=&#8221;on|hover&#8221; sticky_enabled=&#8221;0&#8243;]<\/p>\n<p><span style=\"font-weight: 300;\">Our expertise supports the implementation of sustainable infrastructure programs, enhancing future mobility through risk analysis and public-private partnerships.<\/span><\/p>\n<p>[\/et_pb_blurb][\/et_pb_column][\/et_pb_row][\/et_pb_section][et_pb_section fb_built=&#8221;1&#8243; custom_padding_last_edited=&#8221;on|desktop&#8221; _builder_version=&#8221;4.23.4&#8243; _module_preset=&#8221;default&#8221; custom_padding=&#8221;0px||0px||true|false&#8221; custom_padding_tablet=&#8221;0px||0px||true|false&#8221; custom_padding_phone=&#8221;50px||0px||false|false&#8221; saved_tabs=&#8221;all&#8221; global_colors_info=&#8221;{}&#8221;][et_pb_row column_structure=&#8221;1_2,1_2&#8243; use_custom_gutter=&#8221;on&#8221; gutter_width=&#8221;1&#8243; make_equal=&#8221;on&#8221; _builder_version=&#8221;4.23.4&#8243; _module_preset=&#8221;default&#8221; width=&#8221;100%&#8221; max_width=&#8221;100%&#8221; custom_padding=&#8221;0px||0px||true|false&#8221; global_colors_info=&#8221;{}&#8221;][et_pb_column type=&#8221;1_2&#8243; _builder_version=&#8221;4.23.4&#8243; _module_preset=&#8221;default&#8221; background_color=&#8221;#f1eee9&#8243; global_colors_info=&#8221;{}&#8221;][et_pb_image src=&#8221;https:\/\/www.fdpartners-advisory.com\/wp-content\/uploads\/2024\/01\/fd-partners-contact-cta.jpg&#8221; title_text=&#8221;fd-partners-contact-cta&#8221; _builder_version=&#8221;4.23.4&#8243; _module_preset=&#8221;default&#8221; global_colors_info=&#8221;{}&#8221;][\/et_pb_image][\/et_pb_column][et_pb_column type=&#8221;1_2&#8243; _builder_version=&#8221;4.23.4&#8243; _module_preset=&#8221;default&#8221; background_color=&#8221;#f1eee9&#8243; custom_padding=&#8221;||||true|true&#8221; global_colors_info=&#8221;{}&#8221;][et_pb_cta button_url=&#8221;\/en\/contact&#8221; button_text=&#8221;Contact us&#8221; module_class=&#8221;module-centre&#8221; _builder_version=&#8221;4.24.0&#8243; _module_preset=&#8221;default&#8221; header_font=&#8221;|700|||||||&#8221; header_font_size=&#8221;32px&#8221; header_letter_spacing=&#8221;-0.03em&#8221; header_line_height=&#8221;1.2em&#8221; background_color=&#8221;#f1eee9&#8243; custom_button=&#8221;on&#8221; button_text_size=&#8221;15px&#8221; button_text_color=&#8221;#FFFFFF&#8221; button_bg_color=&#8221;#cfb084&#8243; button_border_color=&#8221;#cfb084&#8243; button_use_icon=&#8221;off&#8221; button_custom_margin=&#8221;||||false|false&#8221; button_custom_padding=&#8221;15px|30px|15px|30px|true|true&#8221; text_orientation=&#8221;left&#8221; background_layout=&#8221;light&#8221; global_colors_info=&#8221;{}&#8221; button_bg_color__hover_enabled=&#8221;on|desktop&#8221; button_bg_color__hover=&#8221;#a5826a&#8221; button_bg_enable_color__hover=&#8221;on&#8221; button_text_color__hover_enabled=&#8221;on|hover&#8221; button_text_color__hover=&#8221;#FFFFFF&#8221; button_border_color__hover_enabled=&#8221;on|hover&#8221; button_border_color__hover=&#8221;#a5826a&#8221;]<\/p>\n<h2>Looking for strategic advisory support?<br \/>\nWe&#39;re here to guide you.<\/h2>\n<p>[\/et_pb_cta][\/et_pb_column][\/et_pb_row][\/et_pb_section]<\/p>\n","protected":false},"excerpt":{"rendered":"<p>Our Sectors of Activity Explore FD &#038; Partners&#8217; diverse expertise across various sectors:We support sustainable energy solutions and natural resource management.We leverage our deep understanding of the local ecosystem to develop effective strategies that drive innovative business models.We amplify robust, innovative strategies that transform agricultural challenges into opportunities.We drive innovative projects to enhance healthcare accessibility.Designing [&hellip;]<\/p>\n","protected":false},"author":1,"featured_media":0,"parent":0,"menu_order":0,"comment_status":"closed","ping_status":"closed","template":"","meta":{"_et_pb_use_builder":"on","_et_pb_old_content":"","_et_gb_content_width":"","inline_featured_image":false,"footnotes":""},"class_list":["post-604","page","type-page","status-publish","hentry"],"_links":{"self":[{"href":"https:\/\/fdpartners-advisory.com\/en\/wp-json\/wp\/v2\/pages\/604","targetHints":{"allow":["GET"]}}],"collection":[{"href":"https:\/\/fdpartners-advisory.com\/en\/wp-json\/wp\/v2\/pages"}],"about":[{"href":"https:\/\/fdpartners-advisory.com\/en\/wp-json\/wp\/v2\/types\/page"}],"author":[{"embeddable":true,"href":"https:\/\/fdpartners-advisory.com\/en\/wp-json\/wp\/v2\/users\/1"}],"replies":[{"embeddable":true,"href":"https:\/\/fdpartners-advisory.com\/en\/wp-json\/wp\/v2\/comments?post=604"}],"version-history":[{"count":8,"href":"https:\/\/fdpartners-advisory.com\/en\/wp-json\/wp\/v2\/pages\/604\/revisions"}],"predecessor-version":[{"id":980,"href":"https:\/\/fdpartners-advisory.com\/en\/wp-json\/wp\/v2\/pages\/604\/revisions\/980"}],"wp:attachment":[{"href":"https:\/\/fdpartners-advisory.com\/en\/wp-json\/wp\/v2\/media?parent=604"}],"curies":[{"name":"wp","href":"https:\/\/api.w.org\/{rel}","templated":true}]}}